{"id":83,"date":"2022-08-12T15:29:27","date_gmt":"2022-08-12T15:29:27","guid":{"rendered":"https:\/\/wilsonabogados.com\/vallarta\/?page_id=83"},"modified":"2022-08-12T15:29:29","modified_gmt":"2022-08-12T15:29:29","slug":"aviso-de-privacidad","status":"publish","type":"page","link":"https:\/\/wilsonabogados.com\/vallarta\/aviso-de-privacidad\/","title":{"rendered":"Aviso de privacidad"},"content":{"rendered":"<div id='av_section_1'  class='avia-section av-q29b-e686957febb971173ed3746fb67f40cd main_color avia-section-default avia-no-border-styling  avia-builder-el-0  avia-builder-el-no-sibling  avia-bg-style-scroll container_wrap fullsize'  ><div class='container av-section-cont-open' ><main  role=\"main\" itemprop=\"mainContentOfPage\"  class='template-page content  av-content-full alpha units'><div class='post-entry post-entry-type-page post-entry-83'><div class='entry-content-wrapper clearfix'>\n\n<style type=\"text\/css\" data-created_by=\"avia_inline_auto\" id=\"style-css-av-l6qlncer-ab4786947ca78cfb762b1ae58b4e73f0\">\n#top .av_textblock_section.av-l6qlncer-ab4786947ca78cfb762b1ae58b4e73f0 .avia_textblock{\nfont-size:16px;\n}\n<\/style>\n<section  class='av_textblock_section av-l6qlncer-ab4786947ca78cfb762b1ae58b4e73f0 '   itemscope=\"itemscope\" itemtype=\"https:\/\/schema.org\/CreativeWork\" ><div class='avia_textblock'  itemprop=\"text\" ><p><span style=\"font-weight: 400;\">En cumplimiento a lo dispuesto en la <\/span><b>Ley Federal de Protecci\u00f3n de Datos Personales en Posesi\u00f3n de los Particulares<\/b><span style=\"font-weight: 400;\"> (referida en lo sucesivo como la \u201cLey\u201d) y con el fin de establecer y delimitar el alcance, t\u00e9rminos y condiciones aplicables al tratamiento de datos personales, ponemos a su disposici\u00f3n el presente Aviso de Privacidad, que tiene como objeto informarle sobre el tratamiento que se le dar\u00e1 a sus datos personales cuando los mismos sean recabados, utilizados, almacenados y\/o transferidos por Wilson Abogados, S.C. (en lo sucesivo referido como \u201cWilson Abogados\u201d o el \u201cResponsable\u201d), tanto por nuestros clientes, proveedores y terceros (en lo sucesivo referido como el \u201dTitular\u201d o \u201cTitulares\u201d).<\/span><\/p>\n<h2><b>AVISO DE PRIVACIDAD<\/b><\/h2>\n<h3><b>Identidad y domicilio del responsable<\/b><\/h3>\n<p><span style=\"font-weight: 400;\">Wilson Abogados con domicilio en calle la Rioja No. 2914 interior 6-A, en la colonia Colomos Providencia, C.P. 44630, en Guadalajara, Jalisco, cuenta con correo electr\u00f3nico autorizado: <\/span><a href=\"mailto:contacto@wilsonabogados.com\"><span style=\"font-weight: 400;\">contacto@wilsonabogados.com<\/span><\/a><span style=\"font-weight: 400;\">. Nos identificamos como los Responsables del tratamiento de los datos personales proporcionados por los Titulares ya sea, de forma directa o indirecta recolectados de manera personal o en cualquiera de las formas de comunicaci\u00f3n establecidas por la Ley.<\/span><\/p>\n<h3><b>Principios de protecci\u00f3n<\/b><\/h3>\n<p><span style=\"font-weight: 400;\">Los datos personales proporcionados por los Titulares a la Sociedad tendr\u00e1n \u00fanica y exclusivamente tratamiento con fines administrativos, jur\u00eddicos, e informativos relacionados directamente con la planeaci\u00f3n estrat\u00e9gica, desarrollo de clientes y asesor\u00eda jur\u00eddica; respetando en todo momento los principios de licitud, consentimiento, informaci\u00f3n, calidad, finalidad, lealtad, proporcionalidad y responsabilidad en el tratamiento de dichos datos conforme a lo previsto en el art\u00edculo 6 de la Ley.<\/span><\/p>\n<p><span style=\"font-weight: 400;\">El env\u00edo de datos personales es necesario para los fines principales establecidos en el presente Aviso, por lo que, el no facilitar los datos solicitados o el no aceptar la presente pol\u00edtica de protecci\u00f3n de datos supone la imposibilidad de reconocerse como cliente, proveedor o tercero relacionado con Wilson Abogados.<\/span><\/p>\n<h3><b>Listado de datos<\/b><\/h3>\n<p><span style=\"font-weight: 400;\">El Titular acepta que para los fines establecidos en el presente aviso proporcionar\u00e1 a <\/span><b>Wilson Abogados<\/b><span style=\"font-weight: 400;\"> las siguientes categor\u00edas de datos:<\/span><\/p>\n<p><strong>A. Datos personales:<\/strong><\/p>\n<ol>\n<li style=\"font-weight: 400;\" aria-level=\"1\"><b>Datos de contacto<\/b><span style=\"font-weight: 400;\"> entendidos como aquella informaci\u00f3n que permite mantener o entrar en contacto con su Titular, tales como: domicilio, correo electr\u00f3nico, tel\u00e9fono fijo, tel\u00e9fono celular y redes sociales.<\/span><\/li>\n<li style=\"font-weight: 400;\" aria-level=\"1\"><b>En caso de proveedores<\/b>, tipo de servicios que prestan, raz\u00f3n social, cuentas bancarias, informaci\u00f3n fiscal, m\u00e9todos de pago, datos de contacto, y toda la informaci\u00f3n necesaria para que puedan prestarnos el servicio correspondiente de la forma adecuada.<\/li>\n<li style=\"font-weight: 400;\" aria-level=\"1\">Recibimos y almacenamos toda la informaci\u00f3n que el Titular introduce a nuestro sitio web <a href=\"https:\/\/wilsonabogados.com\/\">https:\/\/wilsonabogados.com\/<\/a> o que nos facilita por cualquier otro medio.<\/li>\n<\/ol>\n<p><span style=\"font-weight: 400;\">En los casos que sea necesarios, y para el desarrollo de proyectos con clientes, solicitaremos los siguientes datos:<\/span><\/p>\n<ol>\n<li style=\"font-weight: 400;\" aria-level=\"1\"><b>Datos de identificaci\u00f3n<\/b><span style=\"font-weight: 400;\"> entendidos como aquella informaci\u00f3n que permite individualizar a la persona tales como nombre completo, estado civil, lugar y fecha de nacimiento, nacionalidad, edad, as\u00ed como los datos (n\u00famero y claves) derivados de sus credenciales oficiales de identificaci\u00f3n oficial como son: la credencial para votar con fotograf\u00eda expedida por el Instituto Nacional Electoral (INE), la c\u00e9dula de registro ante el Registro Federal de Contribuyentes (RFC) o la constancia de Clave \u00danica de Registro de Poblaci\u00f3n (CURP).<\/span><\/li>\n<li style=\"font-weight: 400;\" aria-level=\"1\"><b>Datos bancarios o patrimoniales<\/b>, tales como n\u00famero de cuenta bancaria e informaci\u00f3n fiscal.<\/li>\n<\/ol>\n<h3><b>Finalidades del tratamiento de datos<\/b><\/h3>\n<p><span style=\"font-weight: 400;\">El titular acepta que sus datos personales sean destinados por Wilson Abogados a los siguientes fines que se clasifican en fines principales y fines secundarios:<\/span><\/p>\n<p><span style=\"font-weight: 400;\">A. Fines Principales:<\/span><\/p>\n<ul>\n<li style=\"list-style-type: none;\">\n<ol>\n<li aria-level=\"1\"><span style=\"font-weight: 400;\">Incorporarlos a la base de datos de Wilson Abogados<\/span><\/li>\n<li aria-level=\"1\"><span style=\"font-weight: 400;\">Realizaci\u00f3n de tr\u00e1mites oficiales que sean necesarios, respectivamente para alg\u00fan proceso, tr\u00e1mite, juicio, informe y\/o trabajo jur\u00eddico.<\/span><\/li>\n<li aria-level=\"1\"><span style=\"font-weight: 400;\">Otorgar servicios jur\u00eddicos con la calidad acordada<\/span><\/li>\n<\/ol>\n<\/li>\n<\/ul>\n<p><span style=\"font-weight: 400;\">B. Fines Secundarios:\u00a0<\/span><\/p>\n<ol>\n<li style=\"font-weight: 400;\" aria-level=\"1\"><span style=\"font-weight: 400;\">Recibir noticias y art\u00edculos jur\u00eddicos de inter\u00e9s.<\/span><\/li>\n<li style=\"font-weight: 400;\" aria-level=\"1\"><span style=\"font-weight: 400;\">Recibir informaci\u00f3n sobre instituciones jur\u00eddicas, financieras y\/o contables afines.<\/span><\/li>\n<li style=\"font-weight: 400;\" aria-level=\"1\"><span style=\"font-weight: 400;\">Recibir invitaciones a eventos y actividades externas a Wilson Abogados.<\/span><\/li>\n<\/ol>\n<p><span style=\"font-weight: 400;\">En caso de que el Titular est\u00e9 de acuerdo con el tratamiento de sus datos personales para los fines principales establecidos en el presente aviso, pero no quiera que los mismos sean tratados para los fines secundarios se\u00f1alados en el mismo, podr\u00e1 comunicarlo de inmediato dirigiendo un correo electr\u00f3nico a <\/span><a href=\"mailto:contacto@wilsonabogados.com\"><span style=\"font-weight: 400;\">contacto@wilsonabogados.com<\/span><\/a><span style=\"font-weight: 400;\"> con atenci\u00f3n a el \u00e1rea de Protecci\u00f3n de Datos Personales (en lo sucesivo el \u201cEncargado\u201d).<\/span><\/p>\n<h3><b>Transferencia de datos a terceros<\/b><\/h3>\n<p><span style=\"font-weight: 400;\">El Titular acepta que sus datos sean transferidos por el Responsable, a todas aquellas empresas y dependencias de gobierno necesarias para cumplir y realizar los tr\u00e1mites que sean necesarios para otorgar los servicios jur\u00eddicos con la calidad otorgada.<\/span><\/p>\n<p><span style=\"font-weight: 400;\">Por lo anterior, Wilson Abogados se obliga a comunicar a dichos terceros el presente Aviso de Privacidad y las obligaciones que asumen respecto del tratamiento y protecci\u00f3n de los datos personales de los Titulares al recibir dicha informaci\u00f3n.<\/span><\/p>\n<p><span style=\"font-weight: 400;\">Todos los datos son tratados con absoluta confidencialidad, no siendo accesibles a terceros que no cuenten con convenio con la Responsable, y queda prohibido que sean utilizados para finalidades distintas de las que han sido autorizados.<\/span><\/p>\n<h3><b>Medios para ejercer derechos de acceso, rectificaci\u00f3n, cancelaci\u00f3n y oposici\u00f3n (derechos ARCO)<\/b><\/h3>\n<p><span style=\"font-weight: 400;\">Cualquier Titular que aporte voluntariamente sus datos a Wilson Abogados por cualquier medio puede ejercer sus derechos de acceso, rectificaci\u00f3n, oposici\u00f3n y cancelaci\u00f3n mediante correo electr\u00f3nico con la descripci\u00f3n clara y precisa de los datos personales respecto de los que se busca ejercer alguno de los derechos antes mencionados dirigido al correo electr\u00f3nico <\/span><a href=\"mailto:contacto@wilsonabogados.com\"><span style=\"font-weight: 400;\">contacto@wilsonabogados.com<\/span><\/a><span style=\"font-weight: 400;\">; lo anterior de acuerdo a lo establecido en el Art\u00edculo 28 de la Ley.<\/span><\/p>\n<p><span style=\"font-weight: 400;\">El Encargado para conocer y ejercitar dichos derechos es el \u00c1rea de Protecci\u00f3n de Datos Personales del Responsable de conformidad con lo establecido en el numeral 3, fracci\u00f3n IX de la Ley.<\/span><\/p>\n<p><span style=\"font-weight: 400;\">Cuenta con domicilio en calle la Rioja No. 2914 interior 6-A, en la colonia Colomos Providencia, C.P. 44630, en Guadalajara, Jalisco, y el titular se podr\u00e1 comunicar con el encargado a trav\u00e9s del tel\u00e9fono (33) 1466 4707 cuenta con correo electr\u00f3nico autorizado: <\/span><a href=\"mailto:contacto@wilsonabogados.com\"><span style=\"font-weight: 400;\">contacto@wilsonabogados.com<\/span><\/a><span style=\"font-weight: 400;\">.<\/span><\/p>\n<p><span style=\"font-weight: 400;\">El titular deber\u00e1 llenar y entregar con el encargado antes se\u00f1alado su solicitud acompa\u00f1\u00e1ndola de la siguiente documentaci\u00f3n, conforme al art\u00edculo 29 de la Ley.<\/span><\/p>\n<ol>\n<li style=\"font-weight: 400;\" aria-level=\"1\"><span style=\"font-weight: 400;\">Identificaci\u00f3n oficial vigente del titular (Credencial del Instituto Nacional Electoral, pasaporte emitido por la Secretar\u00eda de Relaciones Exteriores, Cartilla Militar Nacional o C\u00e9dula Profesional). En caso de ser extranjeros: forma migratoria o pasaporte de su pa\u00eds de origen.<\/span><\/li>\n<li style=\"font-weight: 400;\" aria-level=\"1\"><span style=\"font-weight: 400;\">En los casos en que el ejercicio de los derechos ARCO se realice a trav\u00e9s del representante legal del titular, adem\u00e1s de la acreditaci\u00f3n de la identidad de ambos, se deber\u00e1 entregar el poder notarial correspondiente, carta poder firmada ante dos testigos y declarar ante el encargado.<\/span><\/li>\n<li style=\"font-weight: 400;\" aria-level=\"1\"><span style=\"font-weight: 400;\">En los casos que se quiera ejercer el derecho de rectificaci\u00f3n, se tendr\u00e1 que aportar la documentaci\u00f3n que sustente el cambio solicitado, de acuerdo a los datos personales a modificar.<\/span><\/li>\n<li style=\"font-weight: 400;\" aria-level=\"1\">En caso de cancelaci\u00f3n y\/o oposici\u00f3n, favor de aportar la documentaci\u00f3n en donde se describa aquella informaci\u00f3n personal que le interese eliminar de los registros del Responsable y\/o la informaci\u00f3n personal que desea que se concluya con el tratamiento, as\u00ed como el da\u00f1o que causar\u00eda si es que se continuara con el trato de los datos personales.<\/li>\n<\/ol>\n<p><span style=\"font-weight: 400;\">Las respuestas a su solicitud se llevar\u00e1n a cabo por el Responsable en un plazo m\u00e1ximo de 20 d\u00edas h\u00e1biles, contados a partir de la fecha en que fue recibida la solicitud. El Responsable podr\u00e1 ampliar el plazo hasta por 20 (veinte) d\u00edas h\u00e1biles m\u00e1s, en caso de que as\u00ed requiera, previa notificaci\u00f3n de esta situaci\u00f3n al Titular.<\/span><\/p>\n<p><span style=\"font-weight: 400;\">Los Titulares podr\u00e1n solicitar el acceso, rectificaci\u00f3n, cancelaci\u00f3n y oposici\u00f3n de sus datos para su uso de conformidad con los fines secundarios enlistados anteriormente dentro de los 2 meses siguientes contados a partir de su inscripci\u00f3n. Pasado este plazo, y sin que hay alguna solicitud de cambio, se entender\u00e1 como aceptadas las condiciones establecidas en el presente Aviso.<\/span><\/p>\n<p><span style=\"font-weight: 400;\">Las resoluciones adoptadas por el Responsable ser\u00e1n comunicadas a trav\u00e9s de las opciones elegidas por el mismo, las cuales se encuentran en los formatos respectivos, lo anterior de conformidad con lo previsto en los art\u00edculos 32 y 33 de la Ley.<\/span><\/p>\n<p><span style=\"font-weight: 400;\">Cuando el titular solicite la entrega de sus datos personales ser\u00e1 de manera gratuita, debiendo cubrir el titular \u00fanicamente los gastos justificados de env\u00edo o con el costo de reproducci\u00f3n en copias u otros formatos. No obstante, si el titular reitera su solicitud en un periodo menor a doce meses, los costos no ser\u00e1n mayores a tres d\u00edas de salario m\u00ednimo vigente, a menos que existan modificaciones sustanciales al aviso de privacidad que motiven las nuevas consultas.<\/span><\/p>\n<h3><b>Seguridad de la informaci\u00f3n\u00a0<\/b><\/h3>\n<p><span style=\"font-weight: 400;\">El Responsable ha adoptado los niveles de seguridad administrativa, f\u00edsica y t\u00e9cnica en protecci\u00f3n de los datos personales, adicionalmente podr\u00e1 implementar otros medios y medidas t\u00e9cnicas que se encuentren a su alcance para evitar la p\u00e9rdida, mal uso, alteraci\u00f3n, acceso o reproducci\u00f3n no autorizada y robo de datos personales proporcionados por el titular.<\/span><\/p>\n<h3><b>Tecnolog\u00eda de la informaci\u00f3n<\/b><\/h3>\n<p><span style=\"font-weight: 400;\">Las cookies son archivos de texto que son descargados autom\u00e1ticamente y almacenados en el disco duro del equipo de c\u00f3mputo del Titular al navegar en una p\u00e1gina de internet espec\u00edfica, que permiten recordar al servidor de internet algunos datos sobre el Titular, entre ellos sus preferencias para la visualizaci\u00f3n de las p\u00e1ginas en ese servidor, nombre y contrase\u00f1a.<\/span><\/p>\n<p><span style=\"font-weight: 400;\">Por su parte, las web beacons son im\u00e1genes insertadas en una p\u00e1gina de internet o correo electr\u00f3nico que pueden ser utilizadas para monitorear el comportamiento de un visitante, as\u00ed como almacenar informaci\u00f3n sobre la direcci\u00f3n IP del Titular, el tiempo de interacci\u00f3n en dicha p\u00e1gina y el tipo de navegador utilizado, entre otros.<\/span><\/p>\n<p><span style=\"font-weight: 400;\">Por medio del presente aviso de privacidad, les informamos que utilizamos cookies y web beacons para obtener informaci\u00f3n personal del titular a trav\u00e9s de la p\u00e1gina web <\/span><a href=\"https:\/\/wilsonabogados.com\/\"><span style=\"font-weight: 400;\">https:\/\/wilsonabogados.com\/<\/span><\/a><span style=\"font-weight: 400;\">, como la siguiente:<\/span><\/p>\n<ol>\n<li style=\"font-weight: 400;\" aria-level=\"1\"><span style=\"font-weight: 400;\">Su tipo de navegador y sistema operativo<\/span><\/li>\n<li style=\"font-weight: 400;\" aria-level=\"1\"><span style=\"font-weight: 400;\">P\u00e1ginas web de internet que visita<\/span><\/li>\n<li style=\"font-weight: 400;\" aria-level=\"1\"><span style=\"font-weight: 400;\">V\u00ednculos que sigue<\/span><\/li>\n<li style=\"font-weight: 400;\" aria-level=\"1\"><span style=\"font-weight: 400;\">Direcci\u00f3n IP<\/span><\/li>\n<li style=\"font-weight: 400;\" aria-level=\"1\"><span style=\"font-weight: 400;\">Sitio visitado antes de entrar al sitio del Responsable<\/span><\/li>\n<\/ol>\n<p><span style=\"font-weight: 400;\">Estas cookies y otras tecnolog\u00edas pueden ser deshabilitadas por medio del procedimiento que se describi\u00f3 en el apartado de derechos ARCO<\/span><\/p>\n<h3><b>Condiciones de aceptaci\u00f3n y uso<\/b><\/h3>\n<p><span style=\"font-weight: 400;\">Cuando los datos personales sean entregados de forma personal y directa por el Titular, el Responsable pondr\u00e1 a su disposici\u00f3n el presente aviso en alg\u00fan lugar visible para que manifieste su aceptaci\u00f3n en forma previa a la obtenci\u00f3n de los datos.<\/span><\/p>\n<p><span style=\"font-weight: 400;\">En todos los dem\u00e1s casos el presente aviso de privacidad se pone a disposici\u00f3n del Titular en la p\u00e1gina <\/span><a href=\"https:\/\/wilsonabogados.com\/\"><span style=\"font-weight: 400;\">https:\/\/wilsonabogados.com\/<\/span><\/a><span style=\"font-weight: 400;\"> y se entiende aceptado si el Titular pulsa el bot\u00f3n \u201cENVIAR O ACEPTAR\u201d que se encuentra en los formularios de recogida de datos o si por cualquier otro medio proporciona sus datos sin manifestar oposici\u00f3n a los fines y condiciones establecidos en el mismo.<\/span><\/p>\n<p><span style=\"font-weight: 400;\">El Titular, como usuario de los servicios y de este sitio de internet, autoriza al Responsable el tratamiento automatizado de los datos personales que suministre voluntariamente a trav\u00e9s de formularios y\/o correo electr\u00f3nico, para su utilizaci\u00f3n con fines informativos y relacionados con la operaci\u00f3n administrativa diaria del Responsable, as\u00ed como para otorgar los servicios jur\u00eddicos con la calidad acordada.<\/span><\/p>\n<p><span style=\"font-weight: 400;\">El Titular que env\u00eda la informaci\u00f3n al Responsable, es el \u00fanico comprometido de la veracidad y correcci\u00f3n de los datos incluidos, exoner\u00e1ndose al Responsable de cualquier responsabilidad al respecto. Los Titulares garantizan y responden, en cualquier caso, de la exactitud, vigencia y autenticidad de los datos personales facilitados, y se comprometen a mantenerlos debidamente actualizados.<\/span><\/p>\n<p><span style=\"font-weight: 400;\">Si el Titular desea revocar el consentimiento otorgado al Responsable en el presente Aviso de Privacidad podr\u00e1 realizarlo dirigiendo su solicitud de revocaci\u00f3n a la direcci\u00f3n de correo electr\u00f3nico <\/span><a href=\"mailto:contacto@wilsonabogados.com\"><span style=\"font-weight: 400;\">contacto@wilsonabogados.com<\/span><\/a><span style=\"font-weight: 400;\">.<\/span><\/p>\n<p><span style=\"font-weight: 400;\">A trav\u00e9s de la p\u00e1gina web, el Responsable pone a disposici\u00f3n de los Titulares en internet, mediante su exhibici\u00f3n directa o por medio de links, el acceso a diversos contenidos, informaciones y servicios. El acceso a esta p\u00e1gina web conlleva la aceptaci\u00f3n por parte del Titular de las condiciones de utilizaci\u00f3n que aqu\u00ed se recogen, y se compromete a utilizar los contenidos de forma legal, l\u00edcita, conforme a la moral sin que vulnere los derechos del Responsable o de terceros.<\/span><\/p>\n<p><span style=\"font-weight: 400;\">El uso que el Titular haga de los materiales aqu\u00ed contenidos es de su exclusiva responsabilidad, no asumiendo responsabilidad alguna al Responsable por la incorrecta o ilegal utilizaci\u00f3n de los mismos por parte del Titular.<\/span><\/p>\n<h3><b>Procedimiento y medio por el cual se comunicar\u00e1 de cambios al aviso de privacidad<\/b><\/h3>\n<p><span style=\"font-weight: 400;\">El Responsable se reserva al derecho de modificar la presente Aviso de Privacidad para adaptarla a novedades legislativas o jurisprudenciales de la Rep\u00fablica Mexicana.<\/span><\/p>\n<p><span style=\"font-weight: 400;\">Cualquier modificaci\u00f3n podr\u00e1 ser consultada en la p\u00e1gina web <\/span><a href=\"https:\/\/wilsonabogados.com\/\"><span style=\"font-weight: 400;\">https:\/\/wilsonabogados.com\/<\/span><\/a><span style=\"font-weight: 400;\"> y los exhortamos a que la visiten con la finalidad de que se encuentren y permanezcan informados. Esta facultad no otorga a los titulares ning\u00fan derecho a percibir indemnizaci\u00f3n por da\u00f1os o perjuicios.<\/span><\/p>\n<h3><b>Leyes y jurisdicci\u00f3n aplicable<\/b><\/h3>\n<p><span style=\"font-weight: 400;\">Para todo lo relativo a la interpretaci\u00f3n y cumplimiento del presente Aviso de Privacidad, as\u00ed como para todo aquellos que no est\u00e9 expresamente estipulado en el mismo, el Titular se somete a la Jurisdicci\u00f3n de los Tribunales competentes de la Ciudad de Guadalajara, Jalisco, por lo que las Partes renuncian al fuero que pudiera corresponderles por raz\u00f3n de su domicilio presente, futuro o por cualquier otra causa.<\/span><\/p>\n<p><b>Fecha \u00faltima de actualizaci\u00f3n: 11 de marzo de 2022<\/b><\/p>\n<\/div><\/section>\n\n","protected":false},"excerpt":{"rendered":"","protected":false},"author":1,"featured_media":0,"parent":0,"menu_order":0,"comment_status":"closed","ping_status":"closed","template":"","meta":{"footnotes":""},"class_list":["post-83","page","type-page","status-publish","hentry"],"_links":{"self":[{"href":"https:\/\/wilsonabogados.com\/vallarta\/wp-json\/wp\/v2\/pages\/83","targetHints":{"allow":["GET"]}}],"collection":[{"href":"https:\/\/wilsonabogados.com\/vallarta\/wp-json\/wp\/v2\/pages"}],"about":[{"href":"https:\/\/wilsonabogados.com\/vallarta\/wp-json\/wp\/v2\/types\/page"}],"author":[{"embeddable":true,"href":"https:\/\/wilsonabogados.com\/vallarta\/wp-json\/wp\/v2\/users\/1"}],"replies":[{"embeddable":true,"href":"https:\/\/wilsonabogados.com\/vallarta\/wp-json\/wp\/v2\/comments?post=83"}],"version-history":[{"count":5,"href":"https:\/\/wilsonabogados.com\/vallarta\/wp-json\/wp\/v2\/pages\/83\/revisions"}],"predecessor-version":[{"id":90,"href":"https:\/\/wilsonabogados.com\/vallarta\/wp-json\/wp\/v2\/pages\/83\/revisions\/90"}],"wp:attachment":[{"href":"https:\/\/wilsonabogados.com\/vallarta\/wp-json\/wp\/v2\/media?parent=83"}],"curies":[{"name":"wp","href":"https:\/\/api.w.org\/{rel}","templated":true}]}}